{"id":10396,"date":"2023-09-12T12:26:31","date_gmt":"2023-09-12T10:26:31","guid":{"rendered":"https:\/\/www.fbfitalia.it\/homogeneizadores-de-helado-para-heladerias\/"},"modified":"2023-10-23T10:36:16","modified_gmt":"2023-10-23T08:36:16","slug":"homogeneizadores-de-helado-para-heladerias","status":"publish","type":"page","link":"https:\/\/www.fbfitalia.it\/es\/homogeneizadores-de-helado-para-heladerias\/","title":{"rendered":"Homogeneizadores de Helado"},"content":{"rendered":"\t\t<div data-elementor-type=\"wp-page\" data-elementor-id=\"10396\" class=\"elementor elementor-10396 elementor-7631\" data-elementor-post-type=\"page\">\n\t\t\t\t\t\t\t<div class=\"elementor-element elementor-element-2d02b3d2 e-flex e-con-boxed e-con\" data-id=\"2d02b3d2\" data-element_type=\"container\" data-settings=\"{&quot;content_width&quot;:&quot;boxed&quot;}\">\n\t\t\t\t\t<div class=\"e-con-inner\">\n\t\t\t\t<div class=\"elementor-element elementor-element-3ba49071 elementor-widget__width-initial sc_fly_static elementor-widget elementor-widget-heading\" data-id=\"3ba49071\" data-element_type=\"widget\" data-widget_type=\"heading.default\">\n\t\t\t\t<div class=\"elementor-widget-container\">\n\t\t\t<style>\/*! elementor - v3.15.0 - 20-08-2023 *\/\n.elementor-heading-title{padding:0;margin:0;line-height:1}.elementor-widget-heading .elementor-heading-title[class*=elementor-size-]>a{color:inherit;font-size:inherit;line-height:inherit}.elementor-widget-heading .elementor-heading-title.elementor-size-small{font-size:15px}.elementor-widget-heading .elementor-heading-title.elementor-size-medium{font-size:19px}.elementor-widget-heading .elementor-heading-title.elementor-size-large{font-size:29px}.elementor-widget-heading .elementor-heading-title.elementor-size-xl{font-size:39px}.elementor-widget-heading .elementor-heading-title.elementor-size-xxl{font-size:59px}<\/style><h2 class=\"elementor-heading-title elementor-size-default\">Microlab 400: el homogeneizador industrial que revoluciona la producci\u00f3n de helados<\/h2>\t\t<\/div>\n\t\t\t\t<\/div>\n\t\t\t\t<div class=\"elementor-element elementor-element-3ab36204 sc_fly_static elementor-widget elementor-widget-text-editor\" data-id=\"3ab36204\" data-element_type=\"widget\" data-widget_type=\"text-editor.default\">\n\t\t\t\t<div class=\"elementor-widget-container\">\n\t\t\t<style>\/*! elementor - v3.15.0 - 20-08-2023 *\/\n.elementor-widget-text-editor.elementor-drop-cap-view-stacked .elementor-drop-cap{background-color:#69727d;color:#fff}.elementor-widget-text-editor.elementor-drop-cap-view-framed .elementor-drop-cap{color:#69727d;border:3px solid;background-color:transparent}.elementor-widget-text-editor:not(.elementor-drop-cap-view-default) .elementor-drop-cap{margin-top:8px}.elementor-widget-text-editor:not(.elementor-drop-cap-view-default) .elementor-drop-cap-letter{width:1em;height:1em}.elementor-widget-text-editor .elementor-drop-cap{float:left;text-align:center;line-height:1;font-size:50px}.elementor-widget-text-editor .elementor-drop-cap-letter{display:inline-block}<\/style>\t\t\t\t<p>En la producci\u00f3n de &#8220;helado industrial&#8221;, los homogeneizadores desempe\u00f1an un papel esencial para garantizar el \u00e9xito del producto final. Sin embargo, hasta ahora, el uso de esta maquinaria en helader\u00edas artesanales ha sido a menudo complicado debido a problemas relacionados con costos, dimensiones, complejidad de uso y la falta de un estudio \u00f3ptimo de su rendimiento.<\/p>\n<p>En FBF Italia, hemos enfrentado estos desaf\u00edos, desarrollando un homogeneizador de helado de alto rendimiento y calidad, dise\u00f1ado para satisfacer sus necesidades personalizadas.<\/p>\n<p>La mezcla es succionada por los pistones de bombeo del homogeneizador industrial y enviada a alta presi\u00f3n a la v\u00e1lvula homogeneizadora. Al salir, el producto sufre una micronizaci\u00f3n de sus componentes debido a fuerzas como: aceleraci\u00f3n repentina con un desarrollo de velocidad de alrededor de 9,300 cm\/seg, cavitaci\u00f3n violenta y fricci\u00f3n entre las part\u00edculas. Nuestra m\u00e1quina para hacer helados industrial, Microlab 400, permite obtener gl\u00f3bulos de grasa con un tama\u00f1o inferior a 3.5 \u03bcm (0,0035 mm). Esta micronizaci\u00f3n despoja a los gl\u00f3bulos de grasa de su revestimiento superficial y aumenta la superficie expuesta al trabajo de los emulsionantes, estabilizando primero la fase agua-aceite y luego otorgando al helado una textura a\u00fan m\u00e1s suave y una sensaci\u00f3n seca que caracteriza un buen helado.<\/p>\n<p>Los efectos positivos que se derivan del uso de un mezclador industrial de alimentos en el sector del helado son m\u00faltiples y f\u00e1cilmente perceptibles al paladar: m\u00e1s sabor y cremosidad con los mismos ingredientes utilizados, menor sensaci\u00f3n de fr\u00edo, mayor producci\u00f3n, mejor estabilidad durante el almacenamiento y al derretirse, y mayor digestibilidad.<\/p>\n\t\t\t\t\t\t<\/div>\n\t\t\t\t<\/div>\n\t\t\t\t\t<\/div>\n\t\t\t\t<\/div>\n\t\t<div class=\"elementor-element elementor-element-5a2a19c0 sc_layouts_hide_on_wide sc_layouts_hide_on_desktop sc_layouts_hide_on_notebook sc_layouts_hide_on_tablet sc_layouts_hide_on_mobile e-flex e-con-boxed e-con\" data-id=\"5a2a19c0\" data-element_type=\"container\" data-settings=\"{&quot;content_width&quot;:&quot;boxed&quot;}\">\n\t\t\t\t\t<div class=\"e-con-inner\">\n\t\t<div class=\"elementor-element elementor-element-5d3551e e-con-full e-flex e-con\" data-id=\"5d3551e\" data-element_type=\"container\" data-settings=\"{&quot;content_width&quot;:&quot;full&quot;}\">\n\t\t\t\t<div class=\"elementor-element elementor-element-22e35d60 sc_fly_static elementor-widget elementor-widget-image\" data-id=\"22e35d60\" data-element_type=\"widget\" data-widget_type=\"image.default\">\n\t\t\t\t<div class=\"elementor-widget-container\">\n\t\t\t<style>\/*! elementor - v3.15.0 - 20-08-2023 *\/\n.elementor-widget-image{text-align:center}.elementor-widget-image a{display:inline-block}.elementor-widget-image a img[src$=\".svg\"]{width:48px}.elementor-widget-image img{vertical-align:middle;display:inline-block}<\/style>\t\t\t\t\t\t\t\t\t\t\t\t<img loading=\"lazy\" decoding=\"async\" width=\"1472\" height=\"1280\" src=\"https:\/\/www.fbfitalia.it\/wp-content\/uploads\/2023\/09\/orionthemes-placeholder-image.png\" class=\"attachment-full size-full wp-image-7284\" alt=\"\" srcset=\"https:\/\/www.fbfitalia.it\/wp-content\/uploads\/2023\/09\/orionthemes-placeholder-image.png 1472w, https:\/\/www.fbfitalia.it\/wp-content\/uploads\/2023\/09\/orionthemes-placeholder-image-300x261.png 300w, https:\/\/www.fbfitalia.it\/wp-content\/uploads\/2023\/09\/orionthemes-placeholder-image-1024x890.png 1024w, https:\/\/www.fbfitalia.it\/wp-content\/uploads\/2023\/09\/orionthemes-placeholder-image-768x668.png 768w, https:\/\/www.fbfitalia.it\/wp-content\/uploads\/2023\/09\/orionthemes-placeholder-image-370x322.png 370w, https:\/\/www.fbfitalia.it\/wp-content\/uploads\/2023\/09\/orionthemes-placeholder-image-840x730.png 840w, https:\/\/www.fbfitalia.it\/wp-content\/uploads\/2023\/09\/orionthemes-placeholder-image-410x357.png 410w, https:\/\/www.fbfitalia.it\/wp-content\/uploads\/2023\/09\/orionthemes-placeholder-image-600x522.png 600w\" sizes=\"auto, (max-width: 1472px) 100vw, 1472px\" \/>\t\t\t\t\t\t\t\t\t\t\t\t\t\t\t<\/div>\n\t\t\t\t<\/div>\n\t\t\t\t<\/div>\n\t\t<div class=\"elementor-element elementor-element-26bcab8a e-con-full e-flex e-con\" data-id=\"26bcab8a\" data-element_type=\"container\" data-settings=\"{&quot;content_width&quot;:&quot;full&quot;}\">\n\t\t\t\t<div class=\"elementor-element elementor-element-23248341 sc_fly_static elementor-widget elementor-widget-image\" data-id=\"23248341\" data-element_type=\"widget\" data-widget_type=\"image.default\">\n\t\t\t\t<div class=\"elementor-widget-container\">\n\t\t\t\t\t\t\t\t\t\t\t\t\t\t\t<img loading=\"lazy\" decoding=\"async\" width=\"1024\" height=\"890\" src=\"https:\/\/www.fbfitalia.it\/wp-content\/uploads\/2023\/09\/orionthemes-placeholder-image-1024x890.png\" class=\"attachment-large size-large wp-image-7284\" alt=\"\" srcset=\"https:\/\/www.fbfitalia.it\/wp-content\/uploads\/2023\/09\/orionthemes-placeholder-image-1024x890.png 1024w, https:\/\/www.fbfitalia.it\/wp-content\/uploads\/2023\/09\/orionthemes-placeholder-image-300x261.png 300w, https:\/\/www.fbfitalia.it\/wp-content\/uploads\/2023\/09\/orionthemes-placeholder-image-768x668.png 768w, https:\/\/www.fbfitalia.it\/wp-content\/uploads\/2023\/09\/orionthemes-placeholder-image-370x322.png 370w, https:\/\/www.fbfitalia.it\/wp-content\/uploads\/2023\/09\/orionthemes-placeholder-image-840x730.png 840w, https:\/\/www.fbfitalia.it\/wp-content\/uploads\/2023\/09\/orionthemes-placeholder-image-410x357.png 410w, https:\/\/www.fbfitalia.it\/wp-content\/uploads\/2023\/09\/orionthemes-placeholder-image-600x522.png 600w, https:\/\/www.fbfitalia.it\/wp-content\/uploads\/2023\/09\/orionthemes-placeholder-image.png 1472w\" sizes=\"auto, (max-width: 1024px) 100vw, 1024px\" \/>\t\t\t\t\t\t\t\t\t\t\t\t\t\t\t<\/div>\n\t\t\t\t<\/div>\n\t\t\t\t<\/div>\n\t\t<div class=\"elementor-element elementor-element-1c829fb6 e-con-full e-flex e-con\" data-id=\"1c829fb6\" data-element_type=\"container\" data-settings=\"{&quot;content_width&quot;:&quot;full&quot;}\">\n\t\t\t\t<div class=\"elementor-element elementor-element-1dc8a7d sc_fly_static elementor-widget elementor-widget-image\" data-id=\"1dc8a7d\" data-element_type=\"widget\" data-widget_type=\"image.default\">\n\t\t\t\t<div class=\"elementor-widget-container\">\n\t\t\t\t\t\t\t\t\t\t\t\t\t\t\t<img loading=\"lazy\" decoding=\"async\" width=\"1024\" height=\"890\" src=\"https:\/\/www.fbfitalia.it\/wp-content\/uploads\/2023\/09\/orionthemes-placeholder-image-1024x890.png\" class=\"attachment-large size-large wp-image-7284\" alt=\"\" srcset=\"https:\/\/www.fbfitalia.it\/wp-content\/uploads\/2023\/09\/orionthemes-placeholder-image-1024x890.png 1024w, https:\/\/www.fbfitalia.it\/wp-content\/uploads\/2023\/09\/orionthemes-placeholder-image-300x261.png 300w, https:\/\/www.fbfitalia.it\/wp-content\/uploads\/2023\/09\/orionthemes-placeholder-image-768x668.png 768w, https:\/\/www.fbfitalia.it\/wp-content\/uploads\/2023\/09\/orionthemes-placeholder-image-370x322.png 370w, https:\/\/www.fbfitalia.it\/wp-content\/uploads\/2023\/09\/orionthemes-placeholder-image-840x730.png 840w, https:\/\/www.fbfitalia.it\/wp-content\/uploads\/2023\/09\/orionthemes-placeholder-image-410x357.png 410w, https:\/\/www.fbfitalia.it\/wp-content\/uploads\/2023\/09\/orionthemes-placeholder-image-600x522.png 600w, https:\/\/www.fbfitalia.it\/wp-content\/uploads\/2023\/09\/orionthemes-placeholder-image.png 1472w\" sizes=\"auto, (max-width: 1024px) 100vw, 1024px\" \/>\t\t\t\t\t\t\t\t\t\t\t\t\t\t\t<\/div>\n\t\t\t\t<\/div>\n\t\t\t\t<\/div>\n\t\t\t\t\t<\/div>\n\t\t\t\t<\/div>\n\t\t<div class=\"elementor-element elementor-element-2e9822da e-flex e-con-boxed e-con\" data-id=\"2e9822da\" data-element_type=\"container\" data-settings=\"{&quot;content_width&quot;:&quot;boxed&quot;}\">\n\t\t\t\t\t<div class=\"e-con-inner\">\n\t\t\t\t<div class=\"elementor-element elementor-element-1dcde955 elementor-grid-3 elementor-grid-tablet-2 elementor-grid-mobile-1 sc_fly_static elementor-widget elementor-widget-loop-grid\" data-id=\"1dcde955\" data-element_type=\"widget\" data-settings=\"{&quot;template_id&quot;:11574,&quot;_skin&quot;:&quot;post&quot;,&quot;columns&quot;:&quot;3&quot;,&quot;columns_tablet&quot;:&quot;2&quot;,&quot;columns_mobile&quot;:&quot;1&quot;,&quot;edit_handle_selector&quot;:&quot;[data-elementor-type=\\&quot;loop-item\\&quot;]&quot;,&quot;row_gap&quot;:{&quot;unit&quot;:&quot;px&quot;,&quot;size&quot;:&quot;&quot;,&quot;sizes&quot;:[]},&quot;row_gap_tablet&quot;:{&quot;unit&quot;:&quot;px&quot;,&quot;size&quot;:&quot;&quot;,&quot;sizes&quot;:[]},&quot;row_gap_mobile&quot;:{&quot;unit&quot;:&quot;px&quot;,&quot;size&quot;:&quot;&quot;,&quot;sizes&quot;:[]}}\" data-widget_type=\"loop-grid.post\">\n\t\t\t\t<div class=\"elementor-widget-container\">\n\t\t\t<link rel=\"stylesheet\" href=\"https:\/\/www.fbfitalia.it\/wp-content\/plugins\/elementor-pro\/assets\/css\/widget-loop-builder.min.css\">\t\t<div class=\"elementor-loop-container elementor-grid\">\n\t\t<style id=\"loop-11574\">.elementor-11574 .elementor-element.elementor-element-fbc0c79{--display:flex;--flex-direction:row;--container-widget-width:initial;--container-widget-height:100%;--container-widget-flex-grow:1;--container-widget-align-self:stretch;--justify-content:space-between;--gap:31px;--background-transition:0.3s;border-style:none;--border-style:none;box-shadow:0px 0px 30px 0px rgba(0, 0, 0, 0.13);--padding-top:30px;--padding-right:15px;--padding-bottom:30px;--padding-left:15px;}.elementor-11574 .elementor-element.elementor-element-fbc0c79, .elementor-11574 .elementor-element.elementor-element-fbc0c79::before{--border-transition:0.3s;}.elementor-11574 .elementor-element.elementor-element-5772ca3{--display:flex;--flex-direction:row;--container-widget-width:initial;--container-widget-height:100%;--container-widget-flex-grow:1;--container-widget-align-self:stretch;--gap:6px;--background-transition:0.3s;}.elementor-11574 .elementor-element.elementor-element-9c3f2ba .elementor-heading-title{font-size:22px;}.elementor-11574 .elementor-element.elementor-element-9c3f2ba > .elementor-widget-container{margin:0px 0px 0px 0px;padding:0px 0px 0px 0px;}.elementor-11574 .elementor-element.elementor-element-5444cf3 .elementor-heading-title{color:#229943;font-size:22px;}.elementor-11574 .elementor-element.elementor-element-5444cf3 > .elementor-widget-container{margin:0px 0px 0px 0px;padding:0px 0px 0px 0px;}.elementor-11574 .elementor-element.elementor-element-40b0b3b .elementor-icon-wrapper{text-align:right;}.elementor-11574 .elementor-element.elementor-element-40b0b3b .elementor-icon{font-size:17px;}.elementor-11574 .elementor-element.elementor-element-40b0b3b .elementor-icon svg{height:17px;}.elementor-11574 .elementor-element.elementor-element-40b0b3b.elementor-element{--align-self:center;--order:99999 \/* order end hack *\/;--flex-grow:0;--flex-shrink:1;}@media(max-width:767px){.elementor-11574 .elementor-element.elementor-element-fbc0c79{--flex-wrap:nowrap;}}<\/style>\t\t<div data-elementor-type=\"loop-item\" data-elementor-id=\"11574\" class=\"elementor elementor-11574 elementor-6816 e-loop-item e-loop-item-11129 post-11129 prodotti type-prodotti status-publish hentry categoria-homogeneizadores-de-helado\" data-elementor-post-type=\"elementor_library\" data-custom-edit-handle=\"1\">\n\t\t\t\t\t\t<div class=\"elementor-element elementor-element-fbc0c79 e-flex e-con-boxed e-con\" data-id=\"fbc0c79\" data-element_type=\"container\" data-settings=\"{&quot;background_background&quot;:&quot;classic&quot;,&quot;content_width&quot;:&quot;boxed&quot;}\">\n\t\t\t\t\t<div class=\"e-con-inner\">\n\t\t<div class=\"elementor-element elementor-element-5772ca3 e-flex e-con-boxed e-con\" data-id=\"5772ca3\" data-element_type=\"container\" data-settings=\"{&quot;content_width&quot;:&quot;boxed&quot;}\">\n\t\t\t\t\t<div class=\"e-con-inner\">\n\t\t\t\t<div class=\"elementor-element elementor-element-9c3f2ba sc_fly_static elementor-widget elementor-widget-heading\" data-id=\"9c3f2ba\" data-element_type=\"widget\" data-widget_type=\"heading.default\">\n\t\t\t\t<div class=\"elementor-widget-container\">\n\t\t\t<h2 class=\"elementor-heading-title elementor-size-default\">FBF<\/h2>\t\t<\/div>\n\t\t\t\t<\/div>\n\t\t\t\t<div class=\"elementor-element elementor-element-5444cf3 sc_fly_static elementor-widget elementor-widget-theme-post-title elementor-page-title elementor-widget-heading\" data-id=\"5444cf3\" data-element_type=\"widget\" data-widget_type=\"theme-post-title.default\">\n\t\t\t\t<div class=\"elementor-widget-container\">\n\t\t\t<h2 class=\"elementor-heading-title elementor-size-default\"><a href=\"https:\/\/www.fbfitalia.it\/es\/productos\/homogeneizadores-de-helado\/microlab-400\/\">Microlab 400<\/a><\/h2>\t\t<\/div>\n\t\t\t\t<\/div>\n\t\t\t\t\t<\/div>\n\t\t\t\t<\/div>\n\t\t\t\t<div class=\"elementor-element elementor-element-40b0b3b elementor-view-default sc_fly_static elementor-widget elementor-widget-icon\" data-id=\"40b0b3b\" data-element_type=\"widget\" data-widget_type=\"icon.default\">\n\t\t\t\t<div class=\"elementor-widget-container\">\n\t\t\t\t\t<div class=\"elementor-icon-wrapper\">\n\t\t\t<a class=\"elementor-icon\" href=\"https:\/\/www.fbfitalia.it\/es\/productos\/homogeneizadores-de-helado\/microlab-400\/\">\n\t\t\t<svg xmlns=\"http:\/\/www.w3.org\/2000\/svg\" width=\"18.652\" height=\"10.881\" viewBox=\"0 0 18.652 10.881\"><g id=\"arrows-thin-arrow-direction-down-download\" transform=\"translate(-4 19.881) rotate(-90)\"><g id=\"Raggruppa_3\" data-name=\"Raggruppa 3\" transform=\"translate(9 16.435)\"><path id=\"Tracciato_16\" data-name=\"Tracciato 16\" d=\"M14.44,26.217a.706.706,0,0,1-.544-.233L9.233,21.321a.769.769,0,0,1,1.088-1.088l4.119,4.119,4.119-4.119a.769.769,0,0,1,1.088,1.088l-4.663,4.663A.706.706,0,0,1,14.44,26.217Z\" transform=\"translate(-9 -20)\" fill=\"#229943\"><\/path><\/g><g id=\"Raggruppa_4\" data-name=\"Raggruppa 4\" transform=\"translate(13.663 4)\"><path id=\"Tracciato_17\" data-name=\"Tracciato 17\" d=\"M15.777,22.652A.734.734,0,0,1,15,21.875V4.777a.777.777,0,1,1,1.554,0v17.1A.734.734,0,0,1,15.777,22.652Z\" transform=\"translate(-15 -4)\" fill=\"#229943\"><\/path><\/g><\/g><\/svg>\t\t\t<\/a>\n\t\t<\/div>\n\t\t\t\t<\/div>\n\t\t\t\t<\/div>\n\t\t\t\t\t<\/div>\n\t\t\t\t<\/div>\n\t\t\t\t\t\t<\/div>\n\t\t\t\t<\/div>\n\t\t\n\t\t\t\t<\/div>\n\t\t\t\t<\/div>\n\t\t\t\t\t<\/div>\n\t\t\t\t<\/div>\n\t\t\t\t\t\t\t<\/div>\n\t\t","protected":false},"excerpt":{"rendered":"<p>Microlab 400: el homogeneizador industrial que revoluciona la producci\u00f3n de helados En la producci\u00f3n de &#8220;helado industrial&#8221;, los homogeneizadores desempe\u00f1an un papel esencial para garantizar el \u00e9xito del producto final. Sin embargo, hasta ahora, el uso de esta maquinaria en helader\u00edas artesanales ha sido a menudo complicado debido a problemas relacionados con costos, dimensiones, complejidad [&hellip;]<\/p>\n","protected":false},"author":1,"featured_media":0,"parent":0,"menu_order":0,"comment_status":"closed","ping_status":"closed","template":"","meta":{"footnotes":""},"class_list":["post-10396","page","type-page","status-publish","hentry"],"yoast_head":"<!-- This site is optimized with the Yoast SEO plugin v21.2 - https:\/\/yoast.com\/wordpress\/plugins\/seo\/ -->\n<title>Homogeneizadores de helado | Producido por FBF italia<\/title>\n<meta name=\"description\" content=\"El homogeneizador FBF Italia para helader\u00edas encaja perfectamente incluso en talleres peque\u00f1os, garantizando un alto rendimiento en espacios reducidos.\" \/>\n<meta name=\"robots\" content=\"index, follow, max-snippet:-1, max-image-preview:large, max-video-preview:-1\" \/>\n<link rel=\"canonical\" href=\"https:\/\/www.fbfitalia.it\/es\/homogeneizadores-de-helado-para-heladerias\/\" \/>\n<meta property=\"og:locale\" content=\"es_ES\" \/>\n<meta property=\"og:type\" content=\"article\" \/>\n<meta property=\"og:title\" content=\"Homogeneizadores de helado | Producido por FBF italia\" \/>\n<meta property=\"og:description\" content=\"El homogeneizador FBF Italia para helader\u00edas encaja perfectamente incluso en talleres peque\u00f1os, garantizando un alto rendimiento en espacios reducidos.\" \/>\n<meta property=\"og:url\" content=\"https:\/\/www.fbfitalia.it\/es\/homogeneizadores-de-helado-para-heladerias\/\" \/>\n<meta property=\"og:site_name\" content=\"Fbf Italia\" \/>\n<meta property=\"article:modified_time\" content=\"2023-10-23T08:36:16+00:00\" \/>\n<meta property=\"og:image\" content=\"http:\/\/www.fbfitalia.it\/wp-content\/uploads\/2023\/09\/orionthemes-placeholder-image.png\" \/>\n<meta name=\"twitter:card\" content=\"summary_large_image\" \/>\n<meta name=\"twitter:label1\" content=\"Tiempo de lectura\" \/>\n\t<meta name=\"twitter:data1\" content=\"2 minutos\" \/>\n<script type=\"application\/ld+json\" class=\"yoast-schema-graph\">{\"@context\":\"https:\/\/schema.org\",\"@graph\":[{\"@type\":\"WebPage\",\"@id\":\"https:\/\/www.fbfitalia.it\/es\/homogeneizadores-de-helado-para-heladerias\/\",\"url\":\"https:\/\/www.fbfitalia.it\/es\/homogeneizadores-de-helado-para-heladerias\/\",\"name\":\"Homogeneizadores de helado | Producido por FBF italia\",\"isPartOf\":{\"@id\":\"https:\/\/www.fbfitalia.it\/es\/#website\"},\"datePublished\":\"2023-09-12T10:26:31+00:00\",\"dateModified\":\"2023-10-23T08:36:16+00:00\",\"description\":\"El homogeneizador FBF Italia para helader\u00edas encaja perfectamente incluso en talleres peque\u00f1os, garantizando un alto rendimiento en espacios reducidos.\",\"breadcrumb\":{\"@id\":\"https:\/\/www.fbfitalia.it\/es\/homogeneizadores-de-helado-para-heladerias\/#breadcrumb\"},\"inLanguage\":\"es\",\"potentialAction\":[{\"@type\":\"ReadAction\",\"target\":[\"https:\/\/www.fbfitalia.it\/es\/homogeneizadores-de-helado-para-heladerias\/\"]}]},{\"@type\":\"BreadcrumbList\",\"@id\":\"https:\/\/www.fbfitalia.it\/es\/homogeneizadores-de-helado-para-heladerias\/#breadcrumb\",\"itemListElement\":[{\"@type\":\"ListItem\",\"position\":1,\"name\":\"Home\",\"item\":\"https:\/\/www.fbfitalia.it\/es\/homepage\/\"},{\"@type\":\"ListItem\",\"position\":2,\"name\":\"Homogeneizadores de Helado\"}]},{\"@type\":\"WebSite\",\"@id\":\"https:\/\/www.fbfitalia.it\/es\/#website\",\"url\":\"https:\/\/www.fbfitalia.it\/es\/\",\"name\":\"Fbf Italia\",\"description\":\"Tecnologia al lavoro\",\"publisher\":{\"@id\":\"https:\/\/www.fbfitalia.it\/es\/#organization\"},\"potentialAction\":[{\"@type\":\"SearchAction\",\"target\":{\"@type\":\"EntryPoint\",\"urlTemplate\":\"https:\/\/www.fbfitalia.it\/es\/?s={search_term_string}\"},\"query-input\":\"required name=search_term_string\"}],\"inLanguage\":\"es\"},{\"@type\":\"Organization\",\"@id\":\"https:\/\/www.fbfitalia.it\/es\/#organization\",\"name\":\"Fbf Italia\",\"url\":\"https:\/\/www.fbfitalia.it\/es\/\",\"logo\":{\"@type\":\"ImageObject\",\"inLanguage\":\"es\",\"@id\":\"https:\/\/www.fbfitalia.it\/es\/#\/schema\/logo\/image\/\",\"url\":\"https:\/\/www.fbfitalia.it\/wp-content\/uploads\/2023\/01\/logo-fbf.png\",\"contentUrl\":\"https:\/\/www.fbfitalia.it\/wp-content\/uploads\/2023\/01\/logo-fbf.png\",\"width\":190,\"height\":137,\"caption\":\"Fbf Italia\"},\"image\":{\"@id\":\"https:\/\/www.fbfitalia.it\/es\/#\/schema\/logo\/image\/\"}}]}<\/script>\n<!-- \/ Yoast SEO plugin. -->","yoast_head_json":{"title":"Homogeneizadores de helado | Producido por FBF italia","description":"El homogeneizador FBF Italia para helader\u00edas encaja perfectamente incluso en talleres peque\u00f1os, garantizando un alto rendimiento en espacios reducidos.","robots":{"index":"index","follow":"follow","max-snippet":"max-snippet:-1","max-image-preview":"max-image-preview:large","max-video-preview":"max-video-preview:-1"},"canonical":"https:\/\/www.fbfitalia.it\/es\/homogeneizadores-de-helado-para-heladerias\/","og_locale":"es_ES","og_type":"article","og_title":"Homogeneizadores de helado | Producido por FBF italia","og_description":"El homogeneizador FBF Italia para helader\u00edas encaja perfectamente incluso en talleres peque\u00f1os, garantizando un alto rendimiento en espacios reducidos.","og_url":"https:\/\/www.fbfitalia.it\/es\/homogeneizadores-de-helado-para-heladerias\/","og_site_name":"Fbf Italia","article_modified_time":"2023-10-23T08:36:16+00:00","og_image":[{"url":"http:\/\/www.fbfitalia.it\/wp-content\/uploads\/2023\/09\/orionthemes-placeholder-image.png"}],"twitter_card":"summary_large_image","twitter_misc":{"Tiempo de lectura":"2 minutos"},"schema":{"@context":"https:\/\/schema.org","@graph":[{"@type":"WebPage","@id":"https:\/\/www.fbfitalia.it\/es\/homogeneizadores-de-helado-para-heladerias\/","url":"https:\/\/www.fbfitalia.it\/es\/homogeneizadores-de-helado-para-heladerias\/","name":"Homogeneizadores de helado | Producido por FBF italia","isPartOf":{"@id":"https:\/\/www.fbfitalia.it\/es\/#website"},"datePublished":"2023-09-12T10:26:31+00:00","dateModified":"2023-10-23T08:36:16+00:00","description":"El homogeneizador FBF Italia para helader\u00edas encaja perfectamente incluso en talleres peque\u00f1os, garantizando un alto rendimiento en espacios reducidos.","breadcrumb":{"@id":"https:\/\/www.fbfitalia.it\/es\/homogeneizadores-de-helado-para-heladerias\/#breadcrumb"},"inLanguage":"es","potentialAction":[{"@type":"ReadAction","target":["https:\/\/www.fbfitalia.it\/es\/homogeneizadores-de-helado-para-heladerias\/"]}]},{"@type":"BreadcrumbList","@id":"https:\/\/www.fbfitalia.it\/es\/homogeneizadores-de-helado-para-heladerias\/#breadcrumb","itemListElement":[{"@type":"ListItem","position":1,"name":"Home","item":"https:\/\/www.fbfitalia.it\/es\/homepage\/"},{"@type":"ListItem","position":2,"name":"Homogeneizadores de Helado"}]},{"@type":"WebSite","@id":"https:\/\/www.fbfitalia.it\/es\/#website","url":"https:\/\/www.fbfitalia.it\/es\/","name":"Fbf Italia","description":"Tecnologia al lavoro","publisher":{"@id":"https:\/\/www.fbfitalia.it\/es\/#organization"},"potentialAction":[{"@type":"SearchAction","target":{"@type":"EntryPoint","urlTemplate":"https:\/\/www.fbfitalia.it\/es\/?s={search_term_string}"},"query-input":"required name=search_term_string"}],"inLanguage":"es"},{"@type":"Organization","@id":"https:\/\/www.fbfitalia.it\/es\/#organization","name":"Fbf Italia","url":"https:\/\/www.fbfitalia.it\/es\/","logo":{"@type":"ImageObject","inLanguage":"es","@id":"https:\/\/www.fbfitalia.it\/es\/#\/schema\/logo\/image\/","url":"https:\/\/www.fbfitalia.it\/wp-content\/uploads\/2023\/01\/logo-fbf.png","contentUrl":"https:\/\/www.fbfitalia.it\/wp-content\/uploads\/2023\/01\/logo-fbf.png","width":190,"height":137,"caption":"Fbf Italia"},"image":{"@id":"https:\/\/www.fbfitalia.it\/es\/#\/schema\/logo\/image\/"}}]}},"_links":{"self":[{"href":"https:\/\/www.fbfitalia.it\/es\/wp-json\/wp\/v2\/pages\/10396","targetHints":{"allow":["GET"]}}],"collection":[{"href":"https:\/\/www.fbfitalia.it\/es\/wp-json\/wp\/v2\/pages"}],"about":[{"href":"https:\/\/www.fbfitalia.it\/es\/wp-json\/wp\/v2\/types\/page"}],"author":[{"embeddable":true,"href":"https:\/\/www.fbfitalia.it\/es\/wp-json\/wp\/v2\/users\/1"}],"replies":[{"embeddable":true,"href":"https:\/\/www.fbfitalia.it\/es\/wp-json\/wp\/v2\/comments?post=10396"}],"version-history":[{"count":7,"href":"https:\/\/www.fbfitalia.it\/es\/wp-json\/wp\/v2\/pages\/10396\/revisions"}],"predecessor-version":[{"id":11804,"href":"https:\/\/www.fbfitalia.it\/es\/wp-json\/wp\/v2\/pages\/10396\/revisions\/11804"}],"wp:attachment":[{"href":"https:\/\/www.fbfitalia.it\/es\/wp-json\/wp\/v2\/media?parent=10396"}],"curies":[{"name":"wp","href":"https:\/\/api.w.org\/{rel}","templated":true}]}}