{"id":10428,"date":"2023-09-04T10:21:50","date_gmt":"2023-09-04T08:21:50","guid":{"rendered":"https:\/\/www.fbfitalia.it\/nuestros-productos\/"},"modified":"2023-10-20T23:47:36","modified_gmt":"2023-10-20T21:47:36","slug":"nuestros-productos","status":"publish","type":"page","link":"https:\/\/www.fbfitalia.it\/es\/nuestros-productos\/","title":{"rendered":"Nuestros Productos"},"content":{"rendered":"\t\t<div data-elementor-type=\"wp-page\" data-elementor-id=\"10428\" class=\"elementor elementor-10428 elementor-6730\" data-elementor-post-type=\"page\">\n\t\t\t\t\t\t\t<div class=\"elementor-element elementor-element-9d1314a e-flex e-con-boxed e-con\" data-id=\"9d1314a\" data-element_type=\"container\" data-settings=\"{&quot;content_width&quot;:&quot;boxed&quot;}\">\n\t\t\t\t\t<div class=\"e-con-inner\">\n\t\t<div class=\"elementor-element elementor-element-6501a9d e-con-full e-flex e-con\" data-id=\"6501a9d\" data-element_type=\"container\" data-settings=\"{&quot;content_width&quot;:&quot;full&quot;}\">\n\t\t\t\t<div class=\"elementor-element elementor-element-d4069cc sc_fly_static elementor-widget elementor-widget-image\" data-id=\"d4069cc\" data-element_type=\"widget\" data-widget_type=\"image.default\">\n\t\t\t\t<div class=\"elementor-widget-container\">\n\t\t\t<style>\/*! elementor - v3.15.0 - 20-08-2023 *\/\n.elementor-widget-image{text-align:center}.elementor-widget-image a{display:inline-block}.elementor-widget-image a img[src$=\".svg\"]{width:48px}.elementor-widget-image img{vertical-align:middle;display:inline-block}<\/style>\t\t\t\t\t\t\t\t\t\t\t\t<img loading=\"lazy\" decoding=\"async\" width=\"496\" height=\"496\" src=\"https:\/\/www.fbfitalia.it\/wp-content\/uploads\/2023\/09\/Omogeneizzatori-FBF.png\" class=\"attachment-large size-large wp-image-9175\" alt=\"Omogeneizzatori industriali della serie FBF, progettati per garantire una miscelazione efficace e uniforme in ambito produttivo\" srcset=\"https:\/\/www.fbfitalia.it\/wp-content\/uploads\/2023\/09\/Omogeneizzatori-FBF.png 496w, https:\/\/www.fbfitalia.it\/wp-content\/uploads\/2023\/09\/Omogeneizzatori-FBF-300x300.png 300w, https:\/\/www.fbfitalia.it\/wp-content\/uploads\/2023\/09\/Omogeneizzatori-FBF-150x150.png 150w, https:\/\/www.fbfitalia.it\/wp-content\/uploads\/2023\/09\/Omogeneizzatori-FBF-370x370.png 370w, https:\/\/www.fbfitalia.it\/wp-content\/uploads\/2023\/09\/Omogeneizzatori-FBF-120x120.png 120w, https:\/\/www.fbfitalia.it\/wp-content\/uploads\/2023\/09\/Omogeneizzatori-FBF-410x410.png 410w\" sizes=\"auto, (max-width: 600px) 100vw, 496px\" \/>\t\t\t\t\t\t\t\t\t\t\t\t\t\t\t<\/div>\n\t\t\t\t<\/div>\n\t\t\t\t<\/div>\n\t\t<div class=\"elementor-element elementor-element-e482973 e-con-full e-flex e-con\" data-id=\"e482973\" data-element_type=\"container\" data-settings=\"{&quot;content_width&quot;:&quot;full&quot;}\">\n\t\t\t\t<div class=\"elementor-element elementor-element-c3358f7 sc_fly_static elementor-widget elementor-widget-heading\" data-id=\"c3358f7\" data-element_type=\"widget\" data-widget_type=\"heading.default\">\n\t\t\t\t<div class=\"elementor-widget-container\">\n\t\t\t<style>\/*! elementor - v3.15.0 - 20-08-2023 *\/\n.elementor-heading-title{padding:0;margin:0;line-height:1}.elementor-widget-heading .elementor-heading-title[class*=elementor-size-]>a{color:inherit;font-size:inherit;line-height:inherit}.elementor-widget-heading .elementor-heading-title.elementor-size-small{font-size:15px}.elementor-widget-heading .elementor-heading-title.elementor-size-medium{font-size:19px}.elementor-widget-heading .elementor-heading-title.elementor-size-large{font-size:29px}.elementor-widget-heading .elementor-heading-title.elementor-size-xl{font-size:39px}.elementor-widget-heading .elementor-heading-title.elementor-size-xxl{font-size:59px}<\/style><h2 class=\"elementor-heading-title elementor-size-default\">Homogeneizadores<br> Industriales<\/h2>\t\t<\/div>\n\t\t\t\t<\/div>\n\t\t\t\t<div class=\"elementor-element elementor-element-afd7402 sc_fly_static elementor-widget elementor-widget-text-editor\" data-id=\"afd7402\" data-element_type=\"widget\" data-widget_type=\"text-editor.default\">\n\t\t\t\t<div class=\"elementor-widget-container\">\n\t\t\t<style>\/*! elementor - v3.15.0 - 20-08-2023 *\/\n.elementor-widget-text-editor.elementor-drop-cap-view-stacked .elementor-drop-cap{background-color:#69727d;color:#fff}.elementor-widget-text-editor.elementor-drop-cap-view-framed .elementor-drop-cap{color:#69727d;border:3px solid;background-color:transparent}.elementor-widget-text-editor:not(.elementor-drop-cap-view-default) .elementor-drop-cap{margin-top:8px}.elementor-widget-text-editor:not(.elementor-drop-cap-view-default) .elementor-drop-cap-letter{width:1em;height:1em}.elementor-widget-text-editor .elementor-drop-cap{float:left;text-align:center;line-height:1;font-size:50px}.elementor-widget-text-editor .elementor-drop-cap-letter{display:inline-block}<\/style>\t\t\t\t<p>El homogeneizador industrial permite mezclar y reducir las part\u00edculas en los productos, garantizando texturas m\u00e1s uniformes y estables. Este proceso es aplicable a varios sectores y mercados, como alimentario, qu\u00edmico, farmac\u00e9utico y cosm\u00e9tico.<\/p>\n\t\t\t\t\t\t<\/div>\n\t\t\t\t<\/div>\n\t\t\t\t<div class=\"elementor-element elementor-element-50f44df sc_fly_static elementor-widget elementor-widget-html\" data-id=\"50f44df\" data-element_type=\"widget\" data-widget_type=\"html.default\">\n\t\t\t\t<div class=\"elementor-widget-container\">\n\t\t\t<div class=\"sc_portfolio sc_portfolio_band\">\n    \n    <div class=\"sc_portfolio_item\">\n          <div class=\" post_content_wrap\">\n\n<a href=\"http:\/\/www.fbfitalia.it\/es\/homogeneizadores-industriais-2\/\" class=\"theme_button\"><span class=\"post_readmore_label\">Abrir detalles <\/span><span class=\"hover-arrow\"><\/span><\/a>\n<\/div>\n<\/div>\n<\/div>\t\t<\/div>\n\t\t\t\t<\/div>\n\t\t\t\t<\/div>\n\t\t\t\t\t<\/div>\n\t\t\t\t<\/div>\n\t\t<div class=\"elementor-element elementor-element-e1e2bcd e-flex e-con-boxed e-con\" data-id=\"e1e2bcd\" data-element_type=\"container\" data-settings=\"{&quot;content_width&quot;:&quot;boxed&quot;}\">\n\t\t\t\t\t<div class=\"e-con-inner\">\n\t\t<div class=\"elementor-element elementor-element-24cdd8f e-con-full e-flex e-con\" data-id=\"24cdd8f\" data-element_type=\"container\" data-settings=\"{&quot;content_width&quot;:&quot;full&quot;}\">\n\t\t\t\t<div class=\"elementor-element elementor-element-bcace77 sc_fly_static elementor-widget elementor-widget-image\" data-id=\"bcace77\" data-element_type=\"widget\" data-widget_type=\"image.default\">\n\t\t\t\t<div class=\"elementor-widget-container\">\n\t\t\t\t\t\t\t\t\t\t\t\t\t\t\t<img loading=\"lazy\" decoding=\"async\" width=\"514\" height=\"514\" src=\"https:\/\/www.fbfitalia.it\/wp-content\/uploads\/2023\/09\/Omogeneizzatori-da-laboratorio-Homolab.png\" class=\"attachment-large size-large wp-image-9176\" alt=\"Gamma di omogeneizzatori da laboratorio Homolab, ideali per l&#039;omogeneizzazione di campioni in ambiente di ricerca\" srcset=\"https:\/\/www.fbfitalia.it\/wp-content\/uploads\/2023\/09\/Omogeneizzatori-da-laboratorio-Homolab.png 514w, https:\/\/www.fbfitalia.it\/wp-content\/uploads\/2023\/09\/Omogeneizzatori-da-laboratorio-Homolab-300x300.png 300w, https:\/\/www.fbfitalia.it\/wp-content\/uploads\/2023\/09\/Omogeneizzatori-da-laboratorio-Homolab-150x150.png 150w, https:\/\/www.fbfitalia.it\/wp-content\/uploads\/2023\/09\/Omogeneizzatori-da-laboratorio-Homolab-370x370.png 370w, https:\/\/www.fbfitalia.it\/wp-content\/uploads\/2023\/09\/Omogeneizzatori-da-laboratorio-Homolab-120x120.png 120w, https:\/\/www.fbfitalia.it\/wp-content\/uploads\/2023\/09\/Omogeneizzatori-da-laboratorio-Homolab-410x410.png 410w\" sizes=\"auto, (max-width: 600px) 100vw, 514px\" \/>\t\t\t\t\t\t\t\t\t\t\t\t\t\t\t<\/div>\n\t\t\t\t<\/div>\n\t\t\t\t<\/div>\n\t\t<div class=\"elementor-element elementor-element-7fc54ff e-con-full e-flex e-con\" data-id=\"7fc54ff\" data-element_type=\"container\" data-settings=\"{&quot;content_width&quot;:&quot;full&quot;}\">\n\t\t\t\t<div class=\"elementor-element elementor-element-01fdeb7 sc_fly_static elementor-widget elementor-widget-heading\" data-id=\"01fdeb7\" data-element_type=\"widget\" data-widget_type=\"heading.default\">\n\t\t\t\t<div class=\"elementor-widget-container\">\n\t\t\t<h2 class=\"elementor-heading-title elementor-size-default\">Homogeneizadores<br> de Laboratorio<\/h2>\t\t<\/div>\n\t\t\t\t<\/div>\n\t\t\t\t<div class=\"elementor-element elementor-element-77c7c55 sc_fly_static elementor-widget elementor-widget-text-editor\" data-id=\"77c7c55\" data-element_type=\"widget\" data-widget_type=\"text-editor.default\">\n\t\t\t\t<div class=\"elementor-widget-container\">\n\t\t\t\t\t\t\t<p>Nuestro innovador homogeneizador de laboratorio cuenta con una configuraci\u00f3n con dos pistones de bombeo, lo que permite a las cabezas homogeneizadoras trabajar con mayor estabilidad en muestras de productos. Esto garantiza datos fiables y resultados m\u00e1s precisos en comparaci\u00f3n con las m\u00e1quinas de pist\u00f3n \u00fanico.<\/p>\n\t\t\t\t\t\t<\/div>\n\t\t\t\t<\/div>\n\t\t\t\t<div class=\"elementor-element elementor-element-226a8c2 sc_fly_static elementor-widget elementor-widget-html\" data-id=\"226a8c2\" data-element_type=\"widget\" data-widget_type=\"html.default\">\n\t\t\t\t<div class=\"elementor-widget-container\">\n\t\t\t<div class=\"sc_portfolio sc_portfolio_band\">\n    \n    <div class=\"sc_portfolio_item\">\n          <div class=\" post_content_wrap\">\n\n<a href=\"http:\/\/www.fbfitalia.it\/es\/homogeneizadors-de-laboratorio\/\" class=\"theme_button\"><span class=\"post_readmore_label\">Abrir detalles <\/span><span class=\"hover-arrow\"><\/span><\/a>\n<\/div>\n<\/div>\n<\/div>\t\t<\/div>\n\t\t\t\t<\/div>\n\t\t\t\t<\/div>\n\t\t\t\t\t<\/div>\n\t\t\t\t<\/div>\n\t\t<div class=\"elementor-element elementor-element-89c2505 e-flex e-con-boxed e-con\" data-id=\"89c2505\" data-element_type=\"container\" data-settings=\"{&quot;content_width&quot;:&quot;boxed&quot;}\">\n\t\t\t\t\t<div class=\"e-con-inner\">\n\t\t<div class=\"elementor-element elementor-element-faa8d22 e-con-full e-flex e-con\" data-id=\"faa8d22\" data-element_type=\"container\" data-settings=\"{&quot;content_width&quot;:&quot;full&quot;}\">\n\t\t\t\t<div class=\"elementor-element elementor-element-f7daf18 sc_fly_static elementor-widget elementor-widget-image\" data-id=\"f7daf18\" data-element_type=\"widget\" data-widget_type=\"image.default\">\n\t\t\t\t<div class=\"elementor-widget-container\">\n\t\t\t\t\t\t\t\t\t\t\t\t\t\t\t<img loading=\"lazy\" decoding=\"async\" width=\"498\" height=\"498\" src=\"https:\/\/www.fbfitalia.it\/wp-content\/uploads\/2023\/09\/Omogeneizzatore-Microlab-400.png\" class=\"attachment-large size-large wp-image-9180\" alt=\"Omogeneizzatore da laboratorio modello Microlab 400, progettato per una miscelazione precisa e omogenea\" srcset=\"https:\/\/www.fbfitalia.it\/wp-content\/uploads\/2023\/09\/Omogeneizzatore-Microlab-400.png 498w, https:\/\/www.fbfitalia.it\/wp-content\/uploads\/2023\/09\/Omogeneizzatore-Microlab-400-300x300.png 300w, https:\/\/www.fbfitalia.it\/wp-content\/uploads\/2023\/09\/Omogeneizzatore-Microlab-400-150x150.png 150w, https:\/\/www.fbfitalia.it\/wp-content\/uploads\/2023\/09\/Omogeneizzatore-Microlab-400-370x370.png 370w, https:\/\/www.fbfitalia.it\/wp-content\/uploads\/2023\/09\/Omogeneizzatore-Microlab-400-120x120.png 120w, https:\/\/www.fbfitalia.it\/wp-content\/uploads\/2023\/09\/Omogeneizzatore-Microlab-400-410x410.png 410w\" sizes=\"auto, (max-width: 600px) 100vw, 498px\" \/>\t\t\t\t\t\t\t\t\t\t\t\t\t\t\t<\/div>\n\t\t\t\t<\/div>\n\t\t\t\t<\/div>\n\t\t<div class=\"elementor-element elementor-element-2cd76e6 e-con-full e-flex e-con\" data-id=\"2cd76e6\" data-element_type=\"container\" data-settings=\"{&quot;content_width&quot;:&quot;full&quot;}\">\n\t\t\t\t<div class=\"elementor-element elementor-element-3c36147 sc_fly_static elementor-widget elementor-widget-heading\" data-id=\"3c36147\" data-element_type=\"widget\" data-widget_type=\"heading.default\">\n\t\t\t\t<div class=\"elementor-widget-container\">\n\t\t\t<h2 class=\"elementor-heading-title elementor-size-default\">Homogeneizadores<br> para Helader\u00edas<\/h2>\t\t<\/div>\n\t\t\t\t<\/div>\n\t\t\t\t<div class=\"elementor-element elementor-element-dd8bd04 sc_fly_static elementor-widget elementor-widget-text-editor\" data-id=\"dd8bd04\" data-element_type=\"widget\" data-widget_type=\"text-editor.default\">\n\t\t\t\t<div class=\"elementor-widget-container\">\n\t\t\t\t\t\t\t<p>Dise\u00f1ado para adaptarse perfectamente incluso a peque\u00f1os laboratorios, el homogeneizador para helader\u00edas es esencial para garantizar el \u00e9xito del producto final, asegurando altas prestaciones en espacios reducidos.<\/p>\n\t\t\t\t\t\t<\/div>\n\t\t\t\t<\/div>\n\t\t\t\t<div class=\"elementor-element elementor-element-579c582 sc_fly_static elementor-widget elementor-widget-html\" data-id=\"579c582\" data-element_type=\"widget\" data-widget_type=\"html.default\">\n\t\t\t\t<div class=\"elementor-widget-container\">\n\t\t\t<div class=\"sc_portfolio sc_portfolio_band\">\n    \n    <div class=\"sc_portfolio_item\">\n          <div class=\" post_content_wrap\">\n\n<a href=\"http:\/\/www.fbfitalia.it\/es\/homogeneizadores-de-helado-para-heladerias\/\" class=\"theme_button\"><span class=\"post_readmore_label\">Abrir detalles <\/span><span class=\"hover-arrow\"><\/span><\/a>\n<\/div>\n<\/div>\n<\/div>\t\t<\/div>\n\t\t\t\t<\/div>\n\t\t\t\t<\/div>\n\t\t\t\t\t<\/div>\n\t\t\t\t<\/div>\n\t\t<div class=\"elementor-element elementor-element-979eb6c e-flex e-con-boxed e-con\" data-id=\"979eb6c\" data-element_type=\"container\" data-settings=\"{&quot;content_width&quot;:&quot;boxed&quot;}\">\n\t\t\t\t\t<div class=\"e-con-inner\">\n\t\t<div class=\"elementor-element elementor-element-26d254a e-con-full e-flex e-con\" data-id=\"26d254a\" data-element_type=\"container\" data-settings=\"{&quot;content_width&quot;:&quot;full&quot;}\">\n\t\t\t\t<div class=\"elementor-element elementor-element-b898d8f sc_fly_static elementor-widget elementor-widget-image\" data-id=\"b898d8f\" data-element_type=\"widget\" data-widget_type=\"image.default\">\n\t\t\t\t<div class=\"elementor-widget-container\">\n\t\t\t\t\t\t\t\t\t\t\t\t\t\t\t<img loading=\"lazy\" decoding=\"async\" width=\"400\" height=\"400\" src=\"https:\/\/www.fbfitalia.it\/wp-content\/uploads\/2023\/10\/Pompe-Volumetriche-FBF.png\" class=\"attachment-2048x2048 size-2048x2048 wp-image-10244\" alt=\"Pompe volumetriche della serie FBF, utilizzate per trasferire fluidi con precisione in applicazioni industriali.\" srcset=\"https:\/\/www.fbfitalia.it\/wp-content\/uploads\/2023\/10\/Pompe-Volumetriche-FBF.png 400w, https:\/\/www.fbfitalia.it\/wp-content\/uploads\/2023\/10\/Pompe-Volumetriche-FBF-300x300.png 300w, https:\/\/www.fbfitalia.it\/wp-content\/uploads\/2023\/10\/Pompe-Volumetriche-FBF-150x150.png 150w, https:\/\/www.fbfitalia.it\/wp-content\/uploads\/2023\/10\/Pompe-Volumetriche-FBF-370x370.png 370w, https:\/\/www.fbfitalia.it\/wp-content\/uploads\/2023\/10\/Pompe-Volumetriche-FBF-120x120.png 120w\" sizes=\"auto, (max-width: 600px) 100vw, 400px\" \/>\t\t\t\t\t\t\t\t\t\t\t\t\t\t\t<\/div>\n\t\t\t\t<\/div>\n\t\t\t\t<\/div>\n\t\t<div class=\"elementor-element elementor-element-88b0347 e-con-full e-flex e-con\" data-id=\"88b0347\" data-element_type=\"container\" data-settings=\"{&quot;content_width&quot;:&quot;full&quot;}\">\n\t\t\t\t<div class=\"elementor-element elementor-element-3ea65e7 sc_fly_static elementor-widget elementor-widget-heading\" data-id=\"3ea65e7\" data-element_type=\"widget\" data-widget_type=\"heading.default\">\n\t\t\t\t<div class=\"elementor-widget-container\">\n\t\t\t<h2 class=\"elementor-heading-title elementor-size-default\">Bombas<br> volum\u00e9tricas<\/h2>\t\t<\/div>\n\t\t\t\t<\/div>\n\t\t\t\t<div class=\"elementor-element elementor-element-5e781b9 sc_fly_static elementor-widget elementor-widget-text-editor\" data-id=\"5e781b9\" data-element_type=\"widget\" data-widget_type=\"text-editor.default\">\n\t\t\t\t<div class=\"elementor-widget-container\">\n\t\t\t\t\t\t\t<p>Los criterios constructivos de nuestras bombas volum\u00e9tricas son los mismos utilizados para los homogeneizadores, lo que significa que son sin\u00f3nimo de altos est\u00e1ndares de calidad. Las bombas de alta presi\u00f3n se aplican en diversas industrias, como la de alimentos y bebidas, qu\u00edmica, farmac\u00e9utica y cosm\u00e9tica.<\/p>\n\t\t\t\t\t\t<\/div>\n\t\t\t\t<\/div>\n\t\t\t\t<div class=\"elementor-element elementor-element-df7aeba sc_fly_static elementor-widget elementor-widget-html\" data-id=\"df7aeba\" data-element_type=\"widget\" data-widget_type=\"html.default\">\n\t\t\t\t<div class=\"elementor-widget-container\">\n\t\t\t<div class=\"sc_portfolio sc_portfolio_band\">\n    \n    <div class=\"sc_portfolio_item\">\n          <div class=\" post_content_wrap\">\n\n<a href=\"http:\/\/www.fbfitalia.it\/es\/bomba-volumetrica\/\" class=\"theme_button\"><span class=\"post_readmore_label\">Abrir detalles <\/span><span class=\"hover-arrow\"><\/span><\/a>\n<\/div>\n<\/div>\n<\/div>\t\t<\/div>\n\t\t\t\t<\/div>\n\t\t\t\t<\/div>\n\t\t\t\t\t<\/div>\n\t\t\t\t<\/div>\n\t\t\t\t\t\t\t<\/div>\n\t\t","protected":false},"excerpt":{"rendered":"<p>Homogeneizadores Industriales El homogeneizador industrial permite mezclar y reducir las part\u00edculas en los productos, garantizando texturas m\u00e1s uniformes y estables. Este proceso es aplicable a varios sectores y mercados, como alimentario, qu\u00edmico, farmac\u00e9utico y cosm\u00e9tico. Abrir detalles Homogeneizadores de Laboratorio Nuestro innovador homogeneizador de laboratorio cuenta con una configuraci\u00f3n con dos pistones de bombeo, lo [&hellip;]<\/p>\n","protected":false},"author":1,"featured_media":0,"parent":0,"menu_order":0,"comment_status":"closed","ping_status":"closed","template":"","meta":{"footnotes":""},"class_list":["post-10428","page","type-page","status-publish","hentry"],"yoast_head":"<!-- This site is optimized with the Yoast SEO plugin v21.2 - https:\/\/yoast.com\/wordpress\/plugins\/seo\/ -->\n<title>Descubra todos los productos FBF Italia<\/title>\n<meta name=\"description\" content=\"Expertos en la fabricaci\u00f3n de homogeneizadores industriales, de laboratorio, para helader\u00edas, bombas volum\u00e9tricas y homogeneizadores.\" \/>\n<meta name=\"robots\" content=\"index, follow, max-snippet:-1, max-image-preview:large, max-video-preview:-1\" \/>\n<link rel=\"canonical\" href=\"https:\/\/www.fbfitalia.it\/es\/nuestros-productos\/\" \/>\n<meta property=\"og:locale\" content=\"es_ES\" \/>\n<meta property=\"og:type\" content=\"article\" \/>\n<meta property=\"og:title\" content=\"Descubra todos los productos FBF Italia\" \/>\n<meta property=\"og:description\" content=\"Expertos en la fabricaci\u00f3n de homogeneizadores industriales, de laboratorio, para helader\u00edas, bombas volum\u00e9tricas y homogeneizadores.\" \/>\n<meta property=\"og:url\" content=\"https:\/\/www.fbfitalia.it\/es\/nuestros-productos\/\" \/>\n<meta property=\"og:site_name\" content=\"Fbf Italia\" \/>\n<meta property=\"article:modified_time\" content=\"2023-10-20T21:47:36+00:00\" \/>\n<meta property=\"og:image\" content=\"http:\/\/www.fbfitalia.it\/wp-content\/uploads\/2023\/09\/Omogeneizzatori-FBF.png\" \/>\n<meta name=\"twitter:card\" content=\"summary_large_image\" \/>\n<meta name=\"twitter:label1\" content=\"Tiempo de lectura\" \/>\n\t<meta name=\"twitter:data1\" content=\"2 minutos\" \/>\n<script type=\"application\/ld+json\" class=\"yoast-schema-graph\">{\"@context\":\"https:\/\/schema.org\",\"@graph\":[{\"@type\":\"WebPage\",\"@id\":\"https:\/\/www.fbfitalia.it\/es\/nuestros-productos\/\",\"url\":\"https:\/\/www.fbfitalia.it\/es\/nuestros-productos\/\",\"name\":\"Descubra todos los productos FBF Italia\",\"isPartOf\":{\"@id\":\"https:\/\/www.fbfitalia.it\/es\/#website\"},\"datePublished\":\"2023-09-04T08:21:50+00:00\",\"dateModified\":\"2023-10-20T21:47:36+00:00\",\"description\":\"Expertos en la fabricaci\u00f3n de homogeneizadores industriales, de laboratorio, para helader\u00edas, bombas volum\u00e9tricas y homogeneizadores.\",\"breadcrumb\":{\"@id\":\"https:\/\/www.fbfitalia.it\/es\/nuestros-productos\/#breadcrumb\"},\"inLanguage\":\"es\",\"potentialAction\":[{\"@type\":\"ReadAction\",\"target\":[\"https:\/\/www.fbfitalia.it\/es\/nuestros-productos\/\"]}]},{\"@type\":\"BreadcrumbList\",\"@id\":\"https:\/\/www.fbfitalia.it\/es\/nuestros-productos\/#breadcrumb\",\"itemListElement\":[{\"@type\":\"ListItem\",\"position\":1,\"name\":\"Home\",\"item\":\"https:\/\/www.fbfitalia.it\/es\/homepage\/\"},{\"@type\":\"ListItem\",\"position\":2,\"name\":\"Nuestros Productos\"}]},{\"@type\":\"WebSite\",\"@id\":\"https:\/\/www.fbfitalia.it\/es\/#website\",\"url\":\"https:\/\/www.fbfitalia.it\/es\/\",\"name\":\"Fbf Italia\",\"description\":\"Tecnologia al lavoro\",\"publisher\":{\"@id\":\"https:\/\/www.fbfitalia.it\/es\/#organization\"},\"potentialAction\":[{\"@type\":\"SearchAction\",\"target\":{\"@type\":\"EntryPoint\",\"urlTemplate\":\"https:\/\/www.fbfitalia.it\/es\/?s={search_term_string}\"},\"query-input\":\"required name=search_term_string\"}],\"inLanguage\":\"es\"},{\"@type\":\"Organization\",\"@id\":\"https:\/\/www.fbfitalia.it\/es\/#organization\",\"name\":\"Fbf Italia\",\"url\":\"https:\/\/www.fbfitalia.it\/es\/\",\"logo\":{\"@type\":\"ImageObject\",\"inLanguage\":\"es\",\"@id\":\"https:\/\/www.fbfitalia.it\/es\/#\/schema\/logo\/image\/\",\"url\":\"https:\/\/www.fbfitalia.it\/wp-content\/uploads\/2023\/01\/logo-fbf.png\",\"contentUrl\":\"https:\/\/www.fbfitalia.it\/wp-content\/uploads\/2023\/01\/logo-fbf.png\",\"width\":190,\"height\":137,\"caption\":\"Fbf Italia\"},\"image\":{\"@id\":\"https:\/\/www.fbfitalia.it\/es\/#\/schema\/logo\/image\/\"}}]}<\/script>\n<!-- \/ Yoast SEO plugin. -->","yoast_head_json":{"title":"Descubra todos los productos FBF Italia","description":"Expertos en la fabricaci\u00f3n de homogeneizadores industriales, de laboratorio, para helader\u00edas, bombas volum\u00e9tricas y homogeneizadores.","robots":{"index":"index","follow":"follow","max-snippet":"max-snippet:-1","max-image-preview":"max-image-preview:large","max-video-preview":"max-video-preview:-1"},"canonical":"https:\/\/www.fbfitalia.it\/es\/nuestros-productos\/","og_locale":"es_ES","og_type":"article","og_title":"Descubra todos los productos FBF Italia","og_description":"Expertos en la fabricaci\u00f3n de homogeneizadores industriales, de laboratorio, para helader\u00edas, bombas volum\u00e9tricas y homogeneizadores.","og_url":"https:\/\/www.fbfitalia.it\/es\/nuestros-productos\/","og_site_name":"Fbf Italia","article_modified_time":"2023-10-20T21:47:36+00:00","og_image":[{"url":"http:\/\/www.fbfitalia.it\/wp-content\/uploads\/2023\/09\/Omogeneizzatori-FBF.png"}],"twitter_card":"summary_large_image","twitter_misc":{"Tiempo de lectura":"2 minutos"},"schema":{"@context":"https:\/\/schema.org","@graph":[{"@type":"WebPage","@id":"https:\/\/www.fbfitalia.it\/es\/nuestros-productos\/","url":"https:\/\/www.fbfitalia.it\/es\/nuestros-productos\/","name":"Descubra todos los productos FBF Italia","isPartOf":{"@id":"https:\/\/www.fbfitalia.it\/es\/#website"},"datePublished":"2023-09-04T08:21:50+00:00","dateModified":"2023-10-20T21:47:36+00:00","description":"Expertos en la fabricaci\u00f3n de homogeneizadores industriales, de laboratorio, para helader\u00edas, bombas volum\u00e9tricas y homogeneizadores.","breadcrumb":{"@id":"https:\/\/www.fbfitalia.it\/es\/nuestros-productos\/#breadcrumb"},"inLanguage":"es","potentialAction":[{"@type":"ReadAction","target":["https:\/\/www.fbfitalia.it\/es\/nuestros-productos\/"]}]},{"@type":"BreadcrumbList","@id":"https:\/\/www.fbfitalia.it\/es\/nuestros-productos\/#breadcrumb","itemListElement":[{"@type":"ListItem","position":1,"name":"Home","item":"https:\/\/www.fbfitalia.it\/es\/homepage\/"},{"@type":"ListItem","position":2,"name":"Nuestros Productos"}]},{"@type":"WebSite","@id":"https:\/\/www.fbfitalia.it\/es\/#website","url":"https:\/\/www.fbfitalia.it\/es\/","name":"Fbf Italia","description":"Tecnologia al lavoro","publisher":{"@id":"https:\/\/www.fbfitalia.it\/es\/#organization"},"potentialAction":[{"@type":"SearchAction","target":{"@type":"EntryPoint","urlTemplate":"https:\/\/www.fbfitalia.it\/es\/?s={search_term_string}"},"query-input":"required name=search_term_string"}],"inLanguage":"es"},{"@type":"Organization","@id":"https:\/\/www.fbfitalia.it\/es\/#organization","name":"Fbf Italia","url":"https:\/\/www.fbfitalia.it\/es\/","logo":{"@type":"ImageObject","inLanguage":"es","@id":"https:\/\/www.fbfitalia.it\/es\/#\/schema\/logo\/image\/","url":"https:\/\/www.fbfitalia.it\/wp-content\/uploads\/2023\/01\/logo-fbf.png","contentUrl":"https:\/\/www.fbfitalia.it\/wp-content\/uploads\/2023\/01\/logo-fbf.png","width":190,"height":137,"caption":"Fbf Italia"},"image":{"@id":"https:\/\/www.fbfitalia.it\/es\/#\/schema\/logo\/image\/"}}]}},"_links":{"self":[{"href":"https:\/\/www.fbfitalia.it\/es\/wp-json\/wp\/v2\/pages\/10428","targetHints":{"allow":["GET"]}}],"collection":[{"href":"https:\/\/www.fbfitalia.it\/es\/wp-json\/wp\/v2\/pages"}],"about":[{"href":"https:\/\/www.fbfitalia.it\/es\/wp-json\/wp\/v2\/types\/page"}],"author":[{"embeddable":true,"href":"https:\/\/www.fbfitalia.it\/es\/wp-json\/wp\/v2\/users\/1"}],"replies":[{"embeddable":true,"href":"https:\/\/www.fbfitalia.it\/es\/wp-json\/wp\/v2\/comments?post=10428"}],"version-history":[{"count":9,"href":"https:\/\/www.fbfitalia.it\/es\/wp-json\/wp\/v2\/pages\/10428\/revisions"}],"predecessor-version":[{"id":11508,"href":"https:\/\/www.fbfitalia.it\/es\/wp-json\/wp\/v2\/pages\/10428\/revisions\/11508"}],"wp:attachment":[{"href":"https:\/\/www.fbfitalia.it\/es\/wp-json\/wp\/v2\/media?parent=10428"}],"curies":[{"name":"wp","href":"https:\/\/api.w.org\/{rel}","templated":true}]}}