{"id":11178,"date":"2023-09-12T12:46:42","date_gmt":"2023-09-12T10:46:42","guid":{"rendered":"https:\/\/www.fbfitalia.it\/valvula-homogeneizadora-a-distancia\/"},"modified":"2023-10-20T12:59:53","modified_gmt":"2023-10-20T10:59:53","slug":"valvula-homogeneizadora-a-distancia","status":"publish","type":"page","link":"https:\/\/www.fbfitalia.it\/es\/valvula-homogeneizadora-a-distancia\/","title":{"rendered":"V\u00e1lvula Homogeneizadora A Distancia"},"content":{"rendered":"\t\t<div data-elementor-type=\"wp-page\" data-elementor-id=\"11178\" class=\"elementor elementor-11178 elementor-7652\" data-elementor-post-type=\"page\">\n\t\t\t\t\t\t\t<div class=\"elementor-element elementor-element-4a3f8dd4 e-flex e-con-boxed e-con\" data-id=\"4a3f8dd4\" data-element_type=\"container\" data-settings=\"{&quot;content_width&quot;:&quot;boxed&quot;}\">\n\t\t\t\t\t<div class=\"e-con-inner\">\n\t\t\t\t<div class=\"elementor-element elementor-element-359fb2c1 elementor-widget__width-initial sc_fly_static elementor-widget elementor-widget-heading\" data-id=\"359fb2c1\" data-element_type=\"widget\" data-widget_type=\"heading.default\">\n\t\t\t\t<div class=\"elementor-widget-container\">\n\t\t\t<style>\/*! elementor - v3.15.0 - 20-08-2023 *\/\n.elementor-heading-title{padding:0;margin:0;line-height:1}.elementor-widget-heading .elementor-heading-title[class*=elementor-size-]>a{color:inherit;font-size:inherit;line-height:inherit}.elementor-widget-heading .elementor-heading-title.elementor-size-small{font-size:15px}.elementor-widget-heading .elementor-heading-title.elementor-size-medium{font-size:19px}.elementor-widget-heading .elementor-heading-title.elementor-size-large{font-size:29px}.elementor-widget-heading .elementor-heading-title.elementor-size-xl{font-size:39px}.elementor-widget-heading .elementor-heading-title.elementor-size-xxl{font-size:59px}<\/style><h2 class=\"elementor-heading-title elementor-size-default\">Una v\u00e1lvula, m\u00faltiples prop\u00f3sitos<\/h2>\t\t<\/div>\n\t\t\t\t<\/div>\n\t\t\t\t<div class=\"elementor-element elementor-element-3d3d886f sc_fly_static elementor-widget elementor-widget-text-editor\" data-id=\"3d3d886f\" data-element_type=\"widget\" data-widget_type=\"text-editor.default\">\n\t\t\t\t<div class=\"elementor-widget-container\">\n\t\t\t<style>\/*! elementor - v3.15.0 - 20-08-2023 *\/\n.elementor-widget-text-editor.elementor-drop-cap-view-stacked .elementor-drop-cap{background-color:#69727d;color:#fff}.elementor-widget-text-editor.elementor-drop-cap-view-framed .elementor-drop-cap{color:#69727d;border:3px solid;background-color:transparent}.elementor-widget-text-editor:not(.elementor-drop-cap-view-default) .elementor-drop-cap{margin-top:8px}.elementor-widget-text-editor:not(.elementor-drop-cap-view-default) .elementor-drop-cap-letter{width:1em;height:1em}.elementor-widget-text-editor .elementor-drop-cap{float:left;text-align:center;line-height:1;font-size:50px}.elementor-widget-text-editor .elementor-drop-cap-letter{display:inline-block}<\/style>\t\t\t\t<p>La V\u00e1lvula Homogeneizadora a Distancia (VHD) consiste en una c\u00e1mara homogeneizadora completa y operable de forma independiente a lo que ya existe (requiere solo suministro de aire comprimido) y se puede usar en las siguientes m\u00e1quinas, para diferentes prop\u00f3sitos:<\/p>\n<ol>\n<li data-list=\"ordered\">Homogeneizador: si est\u00e1 equipado con una sola etapa, se puede transformar en un homogeneizador de doble etapa (cuando es posible, incluso a distancia, despu\u00e9s de la fase as\u00e9ptica) &gt; VHD equipada con un solo man\u00f3metro.<\/li>\n<li data-list=\"ordered\">Bomba de pist\u00f3n: si se desea configurar para uso de homogeneizador&gt; VHD con un solo man\u00f3metro.<\/li>\n<li data-list=\"ordered\">3. Bomba de pist\u00f3n: si se quiere mantener su funci\u00f3n de bomba (alimentaci\u00f3n del sistema) y someter el producto a la fase de homogeneizaci\u00f3n&gt; VHD con doble man\u00f3metro.<\/li>\n<\/ol>\n\t\t\t\t\t\t<\/div>\n\t\t\t\t<\/div>\n\t\t\t\t\t<\/div>\n\t\t\t\t<\/div>\n\t\t<div class=\"elementor-element elementor-element-7e3edde9 e-flex e-con-boxed e-con\" data-id=\"7e3edde9\" data-element_type=\"container\" data-settings=\"{&quot;content_width&quot;:&quot;boxed&quot;}\">\n\t\t\t\t\t<div class=\"e-con-inner\">\n\t\t<div class=\"elementor-element elementor-element-2372184a e-con-full e-flex e-con\" data-id=\"2372184a\" data-element_type=\"container\" data-settings=\"{&quot;content_width&quot;:&quot;full&quot;}\">\n\t\t\t\t<div class=\"elementor-element elementor-element-19dfcba9 sc_fly_static elementor-widget elementor-widget-image\" data-id=\"19dfcba9\" data-element_type=\"widget\" data-widget_type=\"image.default\">\n\t\t\t\t<div class=\"elementor-widget-container\">\n\t\t\t<style>\/*! elementor - v3.15.0 - 20-08-2023 *\/\n.elementor-widget-image{text-align:center}.elementor-widget-image a{display:inline-block}.elementor-widget-image a img[src$=\".svg\"]{width:48px}.elementor-widget-image img{vertical-align:middle;display:inline-block}<\/style>\t\t\t\t\t\t\t\t\t\t\t\t<img loading=\"lazy\" decoding=\"async\" width=\"400\" height=\"400\" src=\"https:\/\/www.fbfitalia.it\/wp-content\/uploads\/2023\/09\/omogeneizzatore-per-gelaterie.png\" class=\"attachment-full size-full wp-image-9264\" alt=\"Valvola omogeneizzante utilizzata per regolare e facilitare il processo di omogeneizzazione dei liquidi.\" srcset=\"https:\/\/www.fbfitalia.it\/wp-content\/uploads\/2023\/09\/omogeneizzatore-per-gelaterie.png 400w, https:\/\/www.fbfitalia.it\/wp-content\/uploads\/2023\/09\/omogeneizzatore-per-gelaterie-300x300.png 300w, https:\/\/www.fbfitalia.it\/wp-content\/uploads\/2023\/09\/omogeneizzatore-per-gelaterie-150x150.png 150w, https:\/\/www.fbfitalia.it\/wp-content\/uploads\/2023\/09\/omogeneizzatore-per-gelaterie-370x370.png 370w, https:\/\/www.fbfitalia.it\/wp-content\/uploads\/2023\/09\/omogeneizzatore-per-gelaterie-120x120.png 120w\" sizes=\"auto, (max-width: 600px) 100vw, 400px\" \/>\t\t\t\t\t\t\t\t\t\t\t\t\t\t\t<\/div>\n\t\t\t\t<\/div>\n\t\t\t\t<div class=\"elementor-element elementor-element-2a09c29 sc_fly_static elementor-widget elementor-widget-spacer\" data-id=\"2a09c29\" data-element_type=\"widget\" data-widget_type=\"spacer.default\">\n\t\t\t\t<div class=\"elementor-widget-container\">\n\t\t\t<style>\/*! elementor - v3.15.0 - 20-08-2023 *\/\n.elementor-column .elementor-spacer-inner{height:var(--spacer-size)}.e-con{--container-widget-width:100%}.e-con-inner>.elementor-widget-spacer,.e-con>.elementor-widget-spacer{width:var(--container-widget-width,var(--spacer-size));--align-self:var(--container-widget-align-self,initial);--flex-shrink:0}.e-con-inner>.elementor-widget-spacer>.elementor-widget-container,.e-con-inner>.elementor-widget-spacer>.elementor-widget-container>.elementor-spacer,.e-con>.elementor-widget-spacer>.elementor-widget-container,.e-con>.elementor-widget-spacer>.elementor-widget-container>.elementor-spacer{height:100%}.e-con-inner>.elementor-widget-spacer>.elementor-widget-container>.elementor-spacer>.elementor-spacer-inner,.e-con>.elementor-widget-spacer>.elementor-widget-container>.elementor-spacer>.elementor-spacer-inner{height:var(--container-widget-height,var(--spacer-size))}<\/style>\t\t<div class=\"elementor-spacer\">\n\t\t\t<div class=\"elementor-spacer-inner\"><\/div>\n\t\t<\/div>\n\t\t\t\t<\/div>\n\t\t\t\t<\/div>\n\t\t\t\t<div class=\"elementor-element elementor-element-a884012 sc_fly_static elementor-widget elementor-widget-text-editor\" data-id=\"a884012\" data-element_type=\"widget\" data-widget_type=\"text-editor.default\">\n\t\t\t\t<div class=\"elementor-widget-container\">\n\t\t\t\t\t\t\t<p>VHD con un solo man\u00f3metro, para la lectura de la presi\u00f3n de homogeneizaci\u00f3n.<\/p>\n\t\t\t\t\t\t<\/div>\n\t\t\t\t<\/div>\n\t\t\t\t<\/div>\n\t\t<div class=\"elementor-element elementor-element-57de333e e-con-full e-flex e-con\" data-id=\"57de333e\" data-element_type=\"container\" data-settings=\"{&quot;content_width&quot;:&quot;full&quot;}\">\n\t\t\t\t<div class=\"elementor-element elementor-element-76673fd2 sc_fly_static elementor-widget elementor-widget-image\" data-id=\"76673fd2\" data-element_type=\"widget\" data-widget_type=\"image.default\">\n\t\t\t\t<div class=\"elementor-widget-container\">\n\t\t\t\t\t\t\t\t\t\t\t\t\t\t\t<img loading=\"lazy\" decoding=\"async\" width=\"400\" height=\"400\" src=\"https:\/\/www.fbfitalia.it\/wp-content\/uploads\/2023\/09\/Valvola-omogenizzante.png\" class=\"attachment-large size-large wp-image-9135\" alt=\"Valvola omogeneizzante utilizzata per regolare e facilitare il processo di omogeneizzazione dei liquidi.\" srcset=\"https:\/\/www.fbfitalia.it\/wp-content\/uploads\/2023\/09\/Valvola-omogenizzante.png 400w, https:\/\/www.fbfitalia.it\/wp-content\/uploads\/2023\/09\/Valvola-omogenizzante-300x300.png 300w, https:\/\/www.fbfitalia.it\/wp-content\/uploads\/2023\/09\/Valvola-omogenizzante-150x150.png 150w, https:\/\/www.fbfitalia.it\/wp-content\/uploads\/2023\/09\/Valvola-omogenizzante-370x370.png 370w, https:\/\/www.fbfitalia.it\/wp-content\/uploads\/2023\/09\/Valvola-omogenizzante-120x120.png 120w\" sizes=\"auto, (max-width: 600px) 100vw, 400px\" \/>\t\t\t\t\t\t\t\t\t\t\t\t\t\t\t<\/div>\n\t\t\t\t<\/div>\n\t\t\t\t<div class=\"elementor-element elementor-element-30e98ff sc_fly_static elementor-widget elementor-widget-spacer\" data-id=\"30e98ff\" data-element_type=\"widget\" data-widget_type=\"spacer.default\">\n\t\t\t\t<div class=\"elementor-widget-container\">\n\t\t\t\t\t<div class=\"elementor-spacer\">\n\t\t\t<div class=\"elementor-spacer-inner\"><\/div>\n\t\t<\/div>\n\t\t\t\t<\/div>\n\t\t\t\t<\/div>\n\t\t\t\t<div class=\"elementor-element elementor-element-d1ecd4d sc_fly_static elementor-widget elementor-widget-text-editor\" data-id=\"d1ecd4d\" data-element_type=\"widget\" data-widget_type=\"text-editor.default\">\n\t\t\t\t<div class=\"elementor-widget-container\">\n\t\t\t\t\t\t\t<p>VHD con doble man\u00f3metro: a la derecha para la lectura de la presi\u00f3n total de trabajo; a la izquierda para la lectura de la contrapresi\u00f3n del sistema. El valor de la presi\u00f3n de homogeneizaci\u00f3n se da por la diferencia entre las dos lecturas.<\/p>\n\t\t\t\t\t\t<\/div>\n\t\t\t\t<\/div>\n\t\t\t\t<\/div>\n\t\t\t\t\t<\/div>\n\t\t\t\t<\/div>\n\t\t<div class=\"elementor-element elementor-element-8bf9bed e-flex e-con-boxed e-con\" data-id=\"8bf9bed\" data-element_type=\"container\" data-settings=\"{&quot;content_width&quot;:&quot;boxed&quot;}\">\n\t\t\t\t\t<div class=\"e-con-inner\">\n\t\t\t\t<div class=\"elementor-element elementor-element-fcce0af sc_fly_static elementor-widget elementor-widget-spacer\" data-id=\"fcce0af\" data-element_type=\"widget\" data-widget_type=\"spacer.default\">\n\t\t\t\t<div class=\"elementor-widget-container\">\n\t\t\t\t\t<div class=\"elementor-spacer\">\n\t\t\t<div class=\"elementor-spacer-inner\"><\/div>\n\t\t<\/div>\n\t\t\t\t<\/div>\n\t\t\t\t<\/div>\n\t\t\t\t<div class=\"elementor-element elementor-element-a2666ff elementor-widget__width-initial sc_fly_static elementor-widget elementor-widget-heading\" data-id=\"a2666ff\" data-element_type=\"widget\" data-widget_type=\"heading.default\">\n\t\t\t\t<div class=\"elementor-widget-container\">\n\t\t\t<h4 class=\"elementor-heading-title elementor-size-default\">\u00bfC\u00f3mo est\u00e1 compuesta nuestra V\u00e1lvula Homogeneizadora a Distancia?<\/h4>\t\t<\/div>\n\t\t\t\t<\/div>\n\t\t\t\t<div class=\"elementor-element elementor-element-bf49c21 sc_fly_static elementor-widget elementor-widget-text-editor\" data-id=\"bf49c21\" data-element_type=\"widget\" data-widget_type=\"text-editor.default\">\n\t\t\t\t<div class=\"elementor-widget-container\">\n\t\t\t\t\t\t\t<ul>\n<li data-list=\"bullet\"><strong>La c\u00e1mara homogeneizadora<\/strong>: est\u00e1 hecha de acero inoxidable y se trabaja (junto con todos sus componentes) con maquinaria de alta precisi\u00f3n para permitir una alineaci\u00f3n perfecta de los componentes de la V\u00e1lvula Homogeneizadora (compuesta por la Cabeza de paso, Cabeza de impacto, Anillo de impacto) y lograr un procesamiento \u00f3ptimo del producto tratado.<\/li>\n<li data-list=\"bullet\"><strong>Indicador de presi\u00f3n<\/strong>: (simple o doble) de tipo anal\u00f3gico con separador sanitario de membrana.<\/li>\n<li data-list=\"bullet\"><strong>Grupo oleo-neum\u00e1tico<\/strong>: interno en la estructura, tiene la tarea de controlar la presi\u00f3n de homogeneizaci\u00f3n. Este sistema implica enviar aceite a la Cabeza de impacto para evitar las vibraciones en la v\u00e1lvula Homogeneizadora.<\/li>\n<li data-list=\"bullet\"><strong>Estructura<\/strong>: hecha completamente de acero inoxidable.<\/li>\n<\/ul>\n\t\t\t\t\t\t<\/div>\n\t\t\t\t<\/div>\n\t\t\t\t<div class=\"elementor-element elementor-element-6deebe6 sc_fly_static elementor-widget elementor-widget-text-editor\" data-id=\"6deebe6\" data-element_type=\"widget\" data-widget_type=\"text-editor.default\">\n\t\t\t\t<div class=\"elementor-widget-container\">\n\t\t\t\t\t\t\t<p>La aplicaci\u00f3n de la V\u00e1lvula Homogeneizadora a Distancia es una operaci\u00f3n muy simple en las m\u00e1quinas FBF Italia, ya que conocemos sus dimensiones t\u00e9cnicas. Por lo tanto, podemos proporcionar todas las modificaciones necesarias para la integraci\u00f3n de esta aplicaci\u00f3n y sus especificaciones de operaci\u00f3n. Para m\u00e1quinas de otros fabricantes, se deber\u00e1 proceder a una evaluaci\u00f3n de factibilidad individual.<\/p>\n\t\t\t\t\t\t<\/div>\n\t\t\t\t<\/div>\n\t\t\t\t<div class=\"elementor-element elementor-element-c9b3891 sc_fly_static elementor-widget elementor-widget-spacer\" data-id=\"c9b3891\" data-element_type=\"widget\" data-widget_type=\"spacer.default\">\n\t\t\t\t<div class=\"elementor-widget-container\">\n\t\t\t\t\t<div class=\"elementor-spacer\">\n\t\t\t<div class=\"elementor-spacer-inner\"><\/div>\n\t\t<\/div>\n\t\t\t\t<\/div>\n\t\t\t\t<\/div>\n\t\t\t\t\t<\/div>\n\t\t\t\t<\/div>\n\t\t\t\t\t\t\t<\/div>\n\t\t","protected":false},"excerpt":{"rendered":"<p>Una v\u00e1lvula, m\u00faltiples prop\u00f3sitos La V\u00e1lvula Homogeneizadora a Distancia (VHD) consiste en una c\u00e1mara homogeneizadora completa y operable de forma independiente a lo que ya existe (requiere solo suministro de aire comprimido) y se puede usar en las siguientes m\u00e1quinas, para diferentes prop\u00f3sitos: Homogeneizador: si est\u00e1 equipado con una sola etapa, se puede transformar en [&hellip;]<\/p>\n","protected":false},"author":1,"featured_media":0,"parent":0,"menu_order":0,"comment_status":"closed","ping_status":"closed","template":"","meta":{"footnotes":""},"class_list":["post-11178","page","type-page","status-publish","hentry"],"yoast_head":"<!-- This site is optimized with the Yoast SEO plugin v21.2 - https:\/\/yoast.com\/wordpress\/plugins\/seo\/ -->\n<title>V\u00e1lvula Homogeneizadora A Distancia - Fbf Italia<\/title>\n<meta name=\"description\" content=\"Descubre las v\u00e1lvulas homogeneizadoras industriales de alta calidad para optimizar tus procesos de producci\u00f3n. Confiables, eficientes y adaptadas a tus necesidades espec\u00edficas. \u00a1Obt\u00e9n m\u00e1s informaci\u00f3n!\" \/>\n<meta name=\"robots\" content=\"index, follow, max-snippet:-1, max-image-preview:large, max-video-preview:-1\" \/>\n<link rel=\"canonical\" href=\"https:\/\/www.fbfitalia.it\/es\/valvula-homogeneizadora-a-distancia\/\" \/>\n<meta property=\"og:locale\" content=\"es_ES\" \/>\n<meta property=\"og:type\" content=\"article\" \/>\n<meta property=\"og:title\" content=\"V\u00e1lvula Homogeneizadora A Distancia - Fbf Italia\" \/>\n<meta property=\"og:description\" content=\"Descubre las v\u00e1lvulas homogeneizadoras industriales de alta calidad para optimizar tus procesos de producci\u00f3n. Confiables, eficientes y adaptadas a tus necesidades espec\u00edficas. \u00a1Obt\u00e9n m\u00e1s informaci\u00f3n!\" \/>\n<meta property=\"og:url\" content=\"https:\/\/www.fbfitalia.it\/es\/valvula-homogeneizadora-a-distancia\/\" \/>\n<meta property=\"og:site_name\" content=\"Fbf Italia\" \/>\n<meta property=\"article:modified_time\" content=\"2023-10-20T10:59:53+00:00\" \/>\n<meta property=\"og:image\" content=\"https:\/\/www.fbfitalia.it\/wp-content\/uploads\/2023\/09\/omogeneizzatore-per-gelaterie.png\" \/>\n<meta name=\"twitter:card\" content=\"summary_large_image\" \/>\n<meta name=\"twitter:label1\" content=\"Tiempo de lectura\" \/>\n\t<meta name=\"twitter:data1\" content=\"3 minutos\" \/>\n<script type=\"application\/ld+json\" class=\"yoast-schema-graph\">{\"@context\":\"https:\/\/schema.org\",\"@graph\":[{\"@type\":\"WebPage\",\"@id\":\"https:\/\/www.fbfitalia.it\/es\/valvula-homogeneizadora-a-distancia\/\",\"url\":\"https:\/\/www.fbfitalia.it\/es\/valvula-homogeneizadora-a-distancia\/\",\"name\":\"V\u00e1lvula Homogeneizadora A Distancia - Fbf Italia\",\"isPartOf\":{\"@id\":\"https:\/\/www.fbfitalia.it\/es\/#website\"},\"datePublished\":\"2023-09-12T10:46:42+00:00\",\"dateModified\":\"2023-10-20T10:59:53+00:00\",\"description\":\"Descubre las v\u00e1lvulas homogeneizadoras industriales de alta calidad para optimizar tus procesos de producci\u00f3n. Confiables, eficientes y adaptadas a tus necesidades espec\u00edficas. \u00a1Obt\u00e9n m\u00e1s informaci\u00f3n!\",\"breadcrumb\":{\"@id\":\"https:\/\/www.fbfitalia.it\/es\/valvula-homogeneizadora-a-distancia\/#breadcrumb\"},\"inLanguage\":\"es\",\"potentialAction\":[{\"@type\":\"ReadAction\",\"target\":[\"https:\/\/www.fbfitalia.it\/es\/valvula-homogeneizadora-a-distancia\/\"]}]},{\"@type\":\"BreadcrumbList\",\"@id\":\"https:\/\/www.fbfitalia.it\/es\/valvula-homogeneizadora-a-distancia\/#breadcrumb\",\"itemListElement\":[{\"@type\":\"ListItem\",\"position\":1,\"name\":\"Home\",\"item\":\"https:\/\/www.fbfitalia.it\/es\/homepage\/\"},{\"@type\":\"ListItem\",\"position\":2,\"name\":\"V\u00e1lvula Homogeneizadora A Distancia\"}]},{\"@type\":\"WebSite\",\"@id\":\"https:\/\/www.fbfitalia.it\/es\/#website\",\"url\":\"https:\/\/www.fbfitalia.it\/es\/\",\"name\":\"Fbf Italia\",\"description\":\"Tecnologia al lavoro\",\"publisher\":{\"@id\":\"https:\/\/www.fbfitalia.it\/es\/#organization\"},\"potentialAction\":[{\"@type\":\"SearchAction\",\"target\":{\"@type\":\"EntryPoint\",\"urlTemplate\":\"https:\/\/www.fbfitalia.it\/es\/?s={search_term_string}\"},\"query-input\":\"required name=search_term_string\"}],\"inLanguage\":\"es\"},{\"@type\":\"Organization\",\"@id\":\"https:\/\/www.fbfitalia.it\/es\/#organization\",\"name\":\"Fbf Italia\",\"url\":\"https:\/\/www.fbfitalia.it\/es\/\",\"logo\":{\"@type\":\"ImageObject\",\"inLanguage\":\"es\",\"@id\":\"https:\/\/www.fbfitalia.it\/es\/#\/schema\/logo\/image\/\",\"url\":\"https:\/\/www.fbfitalia.it\/wp-content\/uploads\/2023\/01\/logo-fbf.png\",\"contentUrl\":\"https:\/\/www.fbfitalia.it\/wp-content\/uploads\/2023\/01\/logo-fbf.png\",\"width\":190,\"height\":137,\"caption\":\"Fbf Italia\"},\"image\":{\"@id\":\"https:\/\/www.fbfitalia.it\/es\/#\/schema\/logo\/image\/\"}}]}<\/script>\n<!-- \/ Yoast SEO plugin. -->","yoast_head_json":{"title":"V\u00e1lvula Homogeneizadora A Distancia - Fbf Italia","description":"Descubre las v\u00e1lvulas homogeneizadoras industriales de alta calidad para optimizar tus procesos de producci\u00f3n. Confiables, eficientes y adaptadas a tus necesidades espec\u00edficas. \u00a1Obt\u00e9n m\u00e1s informaci\u00f3n!","robots":{"index":"index","follow":"follow","max-snippet":"max-snippet:-1","max-image-preview":"max-image-preview:large","max-video-preview":"max-video-preview:-1"},"canonical":"https:\/\/www.fbfitalia.it\/es\/valvula-homogeneizadora-a-distancia\/","og_locale":"es_ES","og_type":"article","og_title":"V\u00e1lvula Homogeneizadora A Distancia - Fbf Italia","og_description":"Descubre las v\u00e1lvulas homogeneizadoras industriales de alta calidad para optimizar tus procesos de producci\u00f3n. Confiables, eficientes y adaptadas a tus necesidades espec\u00edficas. \u00a1Obt\u00e9n m\u00e1s informaci\u00f3n!","og_url":"https:\/\/www.fbfitalia.it\/es\/valvula-homogeneizadora-a-distancia\/","og_site_name":"Fbf Italia","article_modified_time":"2023-10-20T10:59:53+00:00","og_image":[{"url":"https:\/\/www.fbfitalia.it\/wp-content\/uploads\/2023\/09\/omogeneizzatore-per-gelaterie.png"}],"twitter_card":"summary_large_image","twitter_misc":{"Tiempo de lectura":"3 minutos"},"schema":{"@context":"https:\/\/schema.org","@graph":[{"@type":"WebPage","@id":"https:\/\/www.fbfitalia.it\/es\/valvula-homogeneizadora-a-distancia\/","url":"https:\/\/www.fbfitalia.it\/es\/valvula-homogeneizadora-a-distancia\/","name":"V\u00e1lvula Homogeneizadora A Distancia - Fbf Italia","isPartOf":{"@id":"https:\/\/www.fbfitalia.it\/es\/#website"},"datePublished":"2023-09-12T10:46:42+00:00","dateModified":"2023-10-20T10:59:53+00:00","description":"Descubre las v\u00e1lvulas homogeneizadoras industriales de alta calidad para optimizar tus procesos de producci\u00f3n. Confiables, eficientes y adaptadas a tus necesidades espec\u00edficas. \u00a1Obt\u00e9n m\u00e1s informaci\u00f3n!","breadcrumb":{"@id":"https:\/\/www.fbfitalia.it\/es\/valvula-homogeneizadora-a-distancia\/#breadcrumb"},"inLanguage":"es","potentialAction":[{"@type":"ReadAction","target":["https:\/\/www.fbfitalia.it\/es\/valvula-homogeneizadora-a-distancia\/"]}]},{"@type":"BreadcrumbList","@id":"https:\/\/www.fbfitalia.it\/es\/valvula-homogeneizadora-a-distancia\/#breadcrumb","itemListElement":[{"@type":"ListItem","position":1,"name":"Home","item":"https:\/\/www.fbfitalia.it\/es\/homepage\/"},{"@type":"ListItem","position":2,"name":"V\u00e1lvula Homogeneizadora A Distancia"}]},{"@type":"WebSite","@id":"https:\/\/www.fbfitalia.it\/es\/#website","url":"https:\/\/www.fbfitalia.it\/es\/","name":"Fbf Italia","description":"Tecnologia al lavoro","publisher":{"@id":"https:\/\/www.fbfitalia.it\/es\/#organization"},"potentialAction":[{"@type":"SearchAction","target":{"@type":"EntryPoint","urlTemplate":"https:\/\/www.fbfitalia.it\/es\/?s={search_term_string}"},"query-input":"required name=search_term_string"}],"inLanguage":"es"},{"@type":"Organization","@id":"https:\/\/www.fbfitalia.it\/es\/#organization","name":"Fbf Italia","url":"https:\/\/www.fbfitalia.it\/es\/","logo":{"@type":"ImageObject","inLanguage":"es","@id":"https:\/\/www.fbfitalia.it\/es\/#\/schema\/logo\/image\/","url":"https:\/\/www.fbfitalia.it\/wp-content\/uploads\/2023\/01\/logo-fbf.png","contentUrl":"https:\/\/www.fbfitalia.it\/wp-content\/uploads\/2023\/01\/logo-fbf.png","width":190,"height":137,"caption":"Fbf Italia"},"image":{"@id":"https:\/\/www.fbfitalia.it\/es\/#\/schema\/logo\/image\/"}}]}},"_links":{"self":[{"href":"https:\/\/www.fbfitalia.it\/es\/wp-json\/wp\/v2\/pages\/11178","targetHints":{"allow":["GET"]}}],"collection":[{"href":"https:\/\/www.fbfitalia.it\/es\/wp-json\/wp\/v2\/pages"}],"about":[{"href":"https:\/\/www.fbfitalia.it\/es\/wp-json\/wp\/v2\/types\/page"}],"author":[{"embeddable":true,"href":"https:\/\/www.fbfitalia.it\/es\/wp-json\/wp\/v2\/users\/1"}],"replies":[{"embeddable":true,"href":"https:\/\/www.fbfitalia.it\/es\/wp-json\/wp\/v2\/comments?post=11178"}],"version-history":[{"count":4,"href":"https:\/\/www.fbfitalia.it\/es\/wp-json\/wp\/v2\/pages\/11178\/revisions"}],"predecessor-version":[{"id":11359,"href":"https:\/\/www.fbfitalia.it\/es\/wp-json\/wp\/v2\/pages\/11178\/revisions\/11359"}],"wp:attachment":[{"href":"https:\/\/www.fbfitalia.it\/es\/wp-json\/wp\/v2\/media?parent=11178"}],"curies":[{"name":"wp","href":"https:\/\/api.w.org\/{rel}","templated":true}]}}